{"id":97,"date":"2022-08-23T14:31:08","date_gmt":"2022-08-23T14:31:08","guid":{"rendered":"https:\/\/themeger.shop\/wordpress\/katen\/?page_id=97"},"modified":"2025-07-05T10:04:51","modified_gmt":"2025-07-05T10:04:51","slug":"home-magazine","status":"publish","type":"page","link":"https:\/\/trafikcezarehberi.com.tr\/","title":{"rendered":"Anasayfa"},"content":{"rendered":"\t\t<div data-elementor-type=\"wp-page\" data-elementor-id=\"97\" class=\"elementor elementor-97\">\n\t\t\t\t\t\t<section class=\"elementor-section elementor-top-section elementor-element elementor-element-0253e39 elementor-section-boxed elementor-section-height-default elementor-section-height-default\" data-id=\"0253e39\" data-element_type=\"section\" data-e-type=\"section\">\n\t\t\t\t\t\t<div class=\"elementor-container elementor-column-gap-default\">\n\t\t\t\t\t<div class=\"elementor-column elementor-col-66 elementor-top-column elementor-element elementor-element-bcfecc1\" data-id=\"bcfecc1\" data-element_type=\"column\" data-e-type=\"column\">\n\t\t\t<div class=\"elementor-widget-wrap elementor-element-populated\">\n\t\t\t\t\t\t<div class=\"elementor-element elementor-element-b038539 elementor-widget elementor-widget-katen-post-one\" data-id=\"b038539\" data-element_type=\"widget\" data-e-type=\"widget\" data-widget_type=\"katen-post-one.default\">\n\t\t\t\t<div class=\"elementor-widget-container\">\n\t\t\t\t\t\n\t\t\n\t\t<p>No post found.<\/p>\n\n\t\t\n\n        \t\t\t\t<\/div>\n\t\t\t\t<\/div>\n\t\t\t\t\t<\/div>\n\t\t<\/div>\n\t\t\t\t<div class=\"elementor-column elementor-col-33 elementor-top-column elementor-element elementor-element-4f7eef9\" data-id=\"4f7eef9\" data-element_type=\"column\" data-e-type=\"column\">\n\t\t\t<div class=\"elementor-widget-wrap elementor-element-populated\">\n\t\t\t\t\t\t<div class=\"elementor-element elementor-element-347771e elementor-widget elementor-widget-katen-post-six\" data-id=\"347771e\" data-element_type=\"widget\" data-e-type=\"widget\" data-widget_type=\"katen-post-six.default\">\n\t\t\t\t<div class=\"elementor-widget-container\">\n\t\t\t\t\t\n\t\t<div class=\"post-tabs rounded bordered\">\n\t\t\t<!-- tab navs -->\n\t\t\t<ul class=\"nav nav-tabs nav-pills nav-fill\" id=\"postsTab\" role=\"tablist\">\n\t\t\t\t<li class=\"nav-item\" role=\"presentation\"><button aria-controls=\"popular\" aria-selected=\"true\" class=\"nav-link active\" data-bs-target=\"#popular\" data-bs-toggle=\"tab\" id=\"popular-tab\" role=\"tab\" type=\"button\">Pop\u00fcler <\/button><\/li>\n\t\t\t\t<li class=\"nav-item\" role=\"presentation\"><button aria-controls=\"recent\" aria-selected=\"false\" class=\"nav-link\" data-bs-target=\"#recent\" data-bs-toggle=\"tab\" id=\"recent-tab\" role=\"tab\" type=\"button\">En Son <\/button><\/li>\n\t\t\t<\/ul>\n\t\t\t<!-- tab contents -->\n\t\t\t<div class=\"tab-content\" id=\"postsTabContent\">\n\t\t\t\t<!-- loader -->\n\t\t\t\t<div class=\"lds-dual-ring\"><\/div>\n\t\t\t\t<!-- popular posts -->\n\t\t\t\t<div aria-labelledby=\"popular-tab\" class=\"tab-pane fade active show\" id=\"popular\" role=\"tabpanel\">\n\t\t\t\t\t\n\t\t\t\t\t\t<!-- post -->\n\t\t\t\t\t\t<div class=\"post post-list-sm circle\">\n\t\t\t\t\t\t\t<div class=\"thumb circle\">\n\t\t\t\t\t\t\t\t<a href=\"https:\/\/trafikcezarehberi.com.tr\/?p=359\"><div class=\"inner\"><img decoding=\"async\" width=\"60\" height=\"60\" src=\"https:\/\/trafikcezarehberi.com.tr\/wp-content\/uploads\/2025\/07\/sari-isik-cezasi-60x60.webp\" class=\"attachment-katen-thumb-circle size-katen-thumb-circle wp-post-image\" alt=\"\" srcset=\"https:\/\/trafikcezarehberi.com.tr\/wp-content\/uploads\/2025\/07\/sari-isik-cezasi-60x60.webp 60w, https:\/\/trafikcezarehberi.com.tr\/wp-content\/uploads\/2025\/07\/sari-isik-cezasi-150x150.webp 150w, https:\/\/trafikcezarehberi.com.tr\/wp-content\/uploads\/2025\/07\/sari-isik-cezasi-300x300.webp 300w, https:\/\/trafikcezarehberi.com.tr\/wp-content\/uploads\/2025\/07\/sari-isik-cezasi-360x360.webp 360w, https:\/\/trafikcezarehberi.com.tr\/wp-content\/uploads\/2025\/07\/sari-isik-cezasi-100x100.webp 100w\" sizes=\"(max-width: 60px) 100vw, 60px\" \/><\/div><\/a>\t\t\t\t\t\t\t<\/div>\n\t\t\t\t\t\t\t<div class=\"details clearfix\">\n\t\t\t\t\t\t\t\t<h6 class=\"post-title my-0\"><a href=\"https:\/\/trafikcezarehberi.com.tr\/?p=359\">K\u0131rm\u0131z\u0131 I\u015f\u0131kta Ge\u00e7menin Cezas\u0131 Ne Kadar?<\/a><\/h6>\n\t\t\t\t\t\t\t\t<ul class=\"meta list-inline mt-1 mb-0\">\n\t\t\t\t\t\t\t\t\t\t\t\t\t\t\t\t\t\t\t<li class=\"list-inline-item\">Temmuz 5, 2025<\/li>\n\t\t\t\t\t\t\t\t\t\t\t\t\t\t\t\t\t<\/ul>\n\t\t\t\t\t\t\t<\/div>\n\t\t\t\t\t\t<\/div>\n\n\t\t\t\t\t\n\t\t\t\t\t\n\t\t\t\t\t\t\t\t\t<\/div>\n\t\t\t\t<!-- recent posts -->\n\t\t\t\t<div aria-labelledby=\"recent-tab\" class=\"tab-pane fade\" id=\"recent\" role=\"tabpanel\">\n\t\t\t\t\t\n\t\t\t\t\t<!-- post -->\n\t\t\t\t\t<div class=\"post post-list-sm circle\">\n\t\t\t\t\t\t<div class=\"thumb circle\">\n\t\t\t\t\t\t\t<a href=\"https:\/\/trafikcezarehberi.com.tr\/?p=359\"><div class=\"inner\"><img decoding=\"async\" width=\"60\" height=\"60\" src=\"https:\/\/trafikcezarehberi.com.tr\/wp-content\/uploads\/2025\/07\/sari-isik-cezasi-60x60.webp\" class=\"attachment-katen-thumb-circle size-katen-thumb-circle wp-post-image\" alt=\"\" srcset=\"https:\/\/trafikcezarehberi.com.tr\/wp-content\/uploads\/2025\/07\/sari-isik-cezasi-60x60.webp 60w, https:\/\/trafikcezarehberi.com.tr\/wp-content\/uploads\/2025\/07\/sari-isik-cezasi-150x150.webp 150w, https:\/\/trafikcezarehberi.com.tr\/wp-content\/uploads\/2025\/07\/sari-isik-cezasi-300x300.webp 300w, https:\/\/trafikcezarehberi.com.tr\/wp-content\/uploads\/2025\/07\/sari-isik-cezasi-360x360.webp 360w, https:\/\/trafikcezarehberi.com.tr\/wp-content\/uploads\/2025\/07\/sari-isik-cezasi-100x100.webp 100w\" sizes=\"(max-width: 60px) 100vw, 60px\" \/><\/div><\/a>\t\t\t\t\t\t<\/div>\n\t\t\t\t\t\t<div class=\"details clearfix\">\n\t\t\t\t\t\t\t<h6 class=\"post-title my-0\"><a href=\"https:\/\/trafikcezarehberi.com.tr\/?p=359\">K\u0131rm\u0131z\u0131 I\u015f\u0131kta Ge\u00e7menin Cezas\u0131 Ne Kadar?<\/a><\/h6>\n\t\t\t\t\t\t\t<ul class=\"meta list-inline mt-1 mb-0\">\n\t\t\t\t\t\t\t\t\t\t\t\t\t\t\t\t\t<li class=\"list-inline-item\">Temmuz 5, 2025<\/li>\n\t\t\t\t\t\t\t\t\t\t\t\t\t\t\t<\/ul>\n\t\t\t\t\t\t<\/div>\n\t\t\t\t\t<\/div>\n\n\t\t\t\t\t\n\t\t\t\t\t\n\t\t\t\t\t\t\t\t\t<\/div>\n\t\t\t<\/div>\n\t\t<\/div>\n\n\n        \t\t\t\t<\/div>\n\t\t\t\t<\/div>\n\t\t\t\t\t<\/div>\n\t\t<\/div>\n\t\t\t\t\t<\/div>\n\t\t<\/section>\n\t\t\t\t<section class=\"elementor-section elementor-top-section elementor-element elementor-element-e832c4f elementor-section-boxed elementor-section-height-default elementor-section-height-default\" data-id=\"e832c4f\" data-element_type=\"section\" data-e-type=\"section\">\n\t\t\t\t\t\t<div class=\"elementor-container elementor-column-gap-default\">\n\t\t\t\t\t<div class=\"elementor-column elementor-col-100 elementor-top-column elementor-element elementor-element-5917fff\" data-id=\"5917fff\" data-element_type=\"column\" data-e-type=\"column\">\n\t\t\t<div class=\"elementor-widget-wrap elementor-element-populated\">\n\t\t\t\t\t\t<div class=\"elementor-element elementor-element-e1ed747 elementor-widget elementor-widget-spacer\" data-id=\"e1ed747\" data-element_type=\"widget\" data-e-type=\"widget\" data-widget_type=\"spacer.default\">\n\t\t\t\t\t\t\t<div class=\"elementor-spacer\">\n\t\t\t<div class=\"elementor-spacer-inner\"><\/div>\n\t\t<\/div>\n\t\t\t\t\t\t<\/div>\n\t\t\t\t\t<\/div>\n\t\t<\/div>\n\t\t\t\t\t<\/div>\n\t\t<\/section>\n\t\t\t\t<section class=\"elementor-section elementor-top-section elementor-element elementor-element-591a006 elementor-section-boxed elementor-section-height-default elementor-section-height-default\" data-id=\"591a006\" data-element_type=\"section\" data-e-type=\"section\">\n\t\t\t\t\t\t<div class=\"elementor-container elementor-column-gap-default\">\n\t\t\t\t\t<div class=\"elementor-column elementor-col-100 elementor-top-column elementor-element elementor-element-4ed0109\" data-id=\"4ed0109\" data-element_type=\"column\" data-e-type=\"column\">\n\t\t\t<div class=\"elementor-widget-wrap elementor-element-populated\">\n\t\t\t\t\t\t<div class=\"elementor-element elementor-element-1c01c7a elementor-widget elementor-widget-katen-section-header\" data-id=\"1c01c7a\" data-element_type=\"widget\" data-e-type=\"widget\" data-widget_type=\"katen-section-header.default\">\n\t\t\t\t<div class=\"elementor-widget-container\">\n\t\t\t\t\t\n\t\t\t<div class=\"section-header\">\n\t\t\t\t<h3 class=\"section-title\">\u00d6zel Dosyalar<\/h3>\n\t\t\t\t\t\t\t\t\t<svg width=\"33\" height=\"6\" xmlns=\"http:\/\/www.w3.org\/2000\/svg\">\n\t\t\t\t\t\t<defs>\n\t\t\t\t\t\t\t<linearGradient id=\"gradient\" x1=\"0%\" y1=\"0%\" x2=\"100%\" y2=\"0%\">\n\t\t\t\t\t\t\t\t<stop offset=\"0%\" stop-color=\"#FE4F70\"><\/stop>\n\t\t\t\t\t\t\t\t<stop offset=\"100%\" stop-color=\"#FFA387\"><\/stop>\n\t\t\t\t\t\t\t<\/linearGradient>\n\t\t\t\t\t\t\t<\/defs>\n\t\t\t\t\t\t<path d=\"M33 1c-3.3 0-3.3 4-6.598 4C23.1 5 23.1 1 19.8 1c-3.3 0-3.3 4-6.599 4-3.3 0-3.3-4-6.6-4S3.303 5 0 5\" stroke=\"url(#gradient)\" stroke-width=\"2\" fill=\"none\"><\/path>\n\t\t\t\t\t<\/svg>\n\t\t\t\t\t\t\t\t\t\t\t<\/div>\n\n        \t\t\t\t<\/div>\n\t\t\t\t<\/div>\n\t\t\t\t<div class=\"elementor-element elementor-element-2a0cf94 elementor-widget elementor-widget-katen-post-two\" data-id=\"2a0cf94\" data-element_type=\"widget\" data-e-type=\"widget\" data-widget_type=\"katen-post-two.default\">\n\t\t\t\t<div class=\"elementor-widget-container\">\n\t\t\t\t\t\n\t\t<div class=\"padding-30 rounded bordered\">\n\n\t\t\t<div class=\"row gy-5\">\n\n\t\t\t\n\t\t<p>No posts found.<\/p>\n\n\t\t\t\t\n\t\t\t\t\t<\/div>\n\n\t\t<\/div>\n\n        \t\t\t\t<\/div>\n\t\t\t\t<\/div>\n\t\t\t\t<div class=\"elementor-element elementor-element-be51524 elementor-widget elementor-widget-spacer\" data-id=\"be51524\" data-element_type=\"widget\" data-e-type=\"widget\" data-widget_type=\"spacer.default\">\n\t\t\t\t\t\t\t<div class=\"elementor-spacer\">\n\t\t\t<div class=\"elementor-spacer-inner\"><\/div>\n\t\t<\/div>\n\t\t\t\t\t\t<\/div>\n\t\t\t\t<div class=\"elementor-element elementor-element-e5fe5b9 elementor-widget elementor-widget-html\" data-id=\"e5fe5b9\" data-element_type=\"widget\" data-e-type=\"widget\" data-widget_type=\"html.default\">\n\t\t\t\t\t<span class=\"ads-title\">- Sponsored Ad -<\/span>\t\t\t\t<\/div>\n\t\t\t\t<div class=\"elementor-element elementor-element-7647690 elementor-widget elementor-widget-image\" data-id=\"7647690\" data-element_type=\"widget\" data-e-type=\"widget\" data-widget_type=\"image.default\">\n\t\t\t\t\t\t\t\t\t\t\t\t\t\t\t\t<a href=\"http:\/\/innokar.com\">\n\t\t\t\t\t\t\t<img fetchpriority=\"high\" decoding=\"async\" width=\"736\" height=\"126\" src=\"https:\/\/trafikcezarehberi.com.tr\/wp-content\/uploads\/2022\/08\/ad-750.png\" class=\"attachment-full size-full wp-image-120\" alt=\"\" srcset=\"https:\/\/trafikcezarehberi.com.tr\/wp-content\/uploads\/2022\/08\/ad-750.png 736w, https:\/\/trafikcezarehberi.com.tr\/wp-content\/uploads\/2022\/08\/ad-750-600x103.png 600w, https:\/\/trafikcezarehberi.com.tr\/wp-content\/uploads\/2022\/08\/ad-750-300x51.png 300w\" sizes=\"(max-width: 736px) 100vw, 736px\" \/>\t\t\t\t\t\t\t\t<\/a>\n\t\t\t\t\t\t\t\t\t\t\t\t\t\t\t<\/div>\n\t\t\t\t<div class=\"elementor-element elementor-element-dd91d60 elementor-widget elementor-widget-spacer\" data-id=\"dd91d60\" data-element_type=\"widget\" data-e-type=\"widget\" data-widget_type=\"spacer.default\">\n\t\t\t\t\t\t\t<div class=\"elementor-spacer\">\n\t\t\t<div class=\"elementor-spacer-inner\"><\/div>\n\t\t<\/div>\n\t\t\t\t\t\t<\/div>\n\t\t\t\t<div class=\"elementor-element elementor-element-a67742c elementor-widget elementor-widget-katen-section-header\" data-id=\"a67742c\" data-element_type=\"widget\" data-e-type=\"widget\" data-widget_type=\"katen-section-header.default\">\n\t\t\t\t<div class=\"elementor-widget-container\">\n\t\t\t\t\t\n\t\t\t<div class=\"section-header\">\n\t\t\t\t<h3 class=\"section-title\">G\u00fcncel Konular<\/h3>\n\t\t\t\t\t\t\t\t\t<svg width=\"33\" height=\"6\" xmlns=\"http:\/\/www.w3.org\/2000\/svg\">\n\t\t\t\t\t\t<defs>\n\t\t\t\t\t\t\t<linearGradient id=\"gradient\" x1=\"0%\" y1=\"0%\" x2=\"100%\" y2=\"0%\">\n\t\t\t\t\t\t\t\t<stop offset=\"0%\" stop-color=\"#FE4F70\"><\/stop>\n\t\t\t\t\t\t\t\t<stop offset=\"100%\" stop-color=\"#FFA387\"><\/stop>\n\t\t\t\t\t\t\t<\/linearGradient>\n\t\t\t\t\t\t\t<\/defs>\n\t\t\t\t\t\t<path d=\"M33 1c-3.3 0-3.3 4-6.598 4C23.1 5 23.1 1 19.8 1c-3.3 0-3.3 4-6.599 4-3.3 0-3.3-4-6.6-4S3.303 5 0 5\" stroke=\"url(#gradient)\" stroke-width=\"2\" fill=\"none\"><\/path>\n\t\t\t\t\t<\/svg>\n\t\t\t\t\t\t\t\t\t\t\t<\/div>\n\n        \t\t\t\t<\/div>\n\t\t\t\t<\/div>\n\t\t\t\t<section class=\"elementor-section elementor-inner-section elementor-element elementor-element-d3bd135 elementor-section-boxed elementor-section-height-default elementor-section-height-default\" data-id=\"d3bd135\" data-element_type=\"section\" data-e-type=\"section\">\n\t\t\t\t\t\t<div class=\"elementor-container elementor-column-gap-default\">\n\t\t\t\t\t<div class=\"elementor-column elementor-col-50 elementor-inner-column elementor-element elementor-element-6641d79\" data-id=\"6641d79\" data-element_type=\"column\" data-e-type=\"column\">\n\t\t\t<div class=\"elementor-widget-wrap elementor-element-populated\">\n\t\t\t\t\t\t<div class=\"elementor-element elementor-element-dea936b elementor-widget elementor-widget-katen-post-three\" data-id=\"dea936b\" data-element_type=\"widget\" data-e-type=\"widget\" data-widget_type=\"katen-post-three.default\">\n\t\t\t\t<div class=\"elementor-widget-container\">\n\t\t\t\t\t\n\t\t\t\n\t\t<p>No posts found.<\/p>\n\n\t\t\n\n        \t\t\t\t<\/div>\n\t\t\t\t<\/div>\n\t\t\t\t\t<\/div>\n\t\t<\/div>\n\t\t\t\t<div class=\"elementor-column elementor-col-50 elementor-inner-column elementor-element elementor-element-ce91d10\" data-id=\"ce91d10\" data-element_type=\"column\" data-e-type=\"column\">\n\t\t\t<div class=\"elementor-widget-wrap elementor-element-populated\">\n\t\t\t\t\t\t<div class=\"elementor-element elementor-element-b656d74 elementor-widget elementor-widget-katen-post-three\" data-id=\"b656d74\" data-element_type=\"widget\" data-e-type=\"widget\" data-widget_type=\"katen-post-three.default\">\n\t\t\t\t<div class=\"elementor-widget-container\">\n\t\t\t\t\t\n\t\t\t\n\t\t<p>No posts found.<\/p>\n\n\t\t\n\n        \t\t\t\t<\/div>\n\t\t\t\t<\/div>\n\t\t\t\t\t<\/div>\n\t\t<\/div>\n\t\t\t\t\t<\/div>\n\t\t<\/section>\n\t\t\t\t<div class=\"elementor-element elementor-element-cec3c27 elementor-widget elementor-widget-spacer\" data-id=\"cec3c27\" data-element_type=\"widget\" data-e-type=\"widget\" data-widget_type=\"spacer.default\">\n\t\t\t\t\t\t\t<div class=\"elementor-spacer\">\n\t\t\t<div class=\"elementor-spacer-inner\"><\/div>\n\t\t<\/div>\n\t\t\t\t\t\t<\/div>\n\t\t\t\t<div class=\"elementor-element elementor-element-bf65f78 elementor-widget elementor-widget-html\" data-id=\"bf65f78\" data-element_type=\"widget\" data-e-type=\"widget\" data-widget_type=\"html.default\">\n\t\t\t\t\t<span class=\"ads-title\">- Sponsored Ad -<\/span>\t\t\t\t<\/div>\n\t\t\t\t<div class=\"elementor-element elementor-element-a95959d elementor-widget elementor-widget-image\" data-id=\"a95959d\" data-element_type=\"widget\" data-e-type=\"widget\" data-widget_type=\"image.default\">\n\t\t\t\t\t\t\t\t\t\t\t\t\t\t\t\t<a href=\"http:\/\/innokar.com\">\n\t\t\t\t\t\t\t<img fetchpriority=\"high\" decoding=\"async\" width=\"736\" height=\"126\" src=\"https:\/\/trafikcezarehberi.com.tr\/wp-content\/uploads\/2022\/08\/ad-750.png\" class=\"attachment-full size-full wp-image-120\" alt=\"\" srcset=\"https:\/\/trafikcezarehberi.com.tr\/wp-content\/uploads\/2022\/08\/ad-750.png 736w, https:\/\/trafikcezarehberi.com.tr\/wp-content\/uploads\/2022\/08\/ad-750-600x103.png 600w, https:\/\/trafikcezarehberi.com.tr\/wp-content\/uploads\/2022\/08\/ad-750-300x51.png 300w\" sizes=\"(max-width: 736px) 100vw, 736px\" \/>\t\t\t\t\t\t\t\t<\/a>\n\t\t\t\t\t\t\t\t\t\t\t\t\t\t\t<\/div>\n\t\t\t\t<div class=\"elementor-element elementor-element-ebfb2f2 elementor-widget elementor-widget-spacer\" data-id=\"ebfb2f2\" data-element_type=\"widget\" data-e-type=\"widget\" data-widget_type=\"spacer.default\">\n\t\t\t\t\t\t\t<div class=\"elementor-spacer\">\n\t\t\t<div class=\"elementor-spacer-inner\"><\/div>\n\t\t<\/div>\n\t\t\t\t\t\t<\/div>\n\t\t\t\t<div class=\"elementor-element elementor-element-aafc924 elementor-widget elementor-widget-katen-section-header\" data-id=\"aafc924\" data-element_type=\"widget\" data-e-type=\"widget\" data-widget_type=\"katen-section-header.default\">\n\t\t\t\t<div class=\"elementor-widget-container\">\n\t\t\t\t\t\n\t\t\t<div class=\"section-header\">\n\t\t\t\t<h3 class=\"section-title\">Son G\u00f6nderiler<\/h3>\n\t\t\t\t\t\t\t\t\t<svg width=\"33\" height=\"6\" xmlns=\"http:\/\/www.w3.org\/2000\/svg\">\n\t\t\t\t\t\t<defs>\n\t\t\t\t\t\t\t<linearGradient id=\"gradient\" x1=\"0%\" y1=\"0%\" x2=\"100%\" y2=\"0%\">\n\t\t\t\t\t\t\t\t<stop offset=\"0%\" stop-color=\"#FE4F70\"><\/stop>\n\t\t\t\t\t\t\t\t<stop offset=\"100%\" stop-color=\"#FFA387\"><\/stop>\n\t\t\t\t\t\t\t<\/linearGradient>\n\t\t\t\t\t\t\t<\/defs>\n\t\t\t\t\t\t<path d=\"M33 1c-3.3 0-3.3 4-6.598 4C23.1 5 23.1 1 19.8 1c-3.3 0-3.3 4-6.599 4-3.3 0-3.3-4-6.6-4S3.303 5 0 5\" stroke=\"url(#gradient)\" stroke-width=\"2\" fill=\"none\"><\/path>\n\t\t\t\t\t<\/svg>\n\t\t\t\t\t\t\t\t\t\t\t<\/div>\n\n        \t\t\t\t<\/div>\n\t\t\t\t<\/div>\n\t\t\t\t<div class=\"elementor-element elementor-element-7a20ed9 elementor-widget elementor-widget-katen-post-five\" data-id=\"7a20ed9\" data-element_type=\"widget\" data-e-type=\"widget\" data-widget_type=\"katen-post-five.default\">\n\t\t\t\t<div class=\"elementor-widget-container\">\n\t\t\t\t\t\t\t<div class=\"padding-30 rounded bordered\">\n\n\t\t\t<div class=\"row infinite-wrapper\">\n\n\t\t\t\n\t\t\t\t<div class=\"col-md-12 col-sm-6 post-list-item post-item\">\n\t\t\t\t\t<!-- post -->\n\t\t\t\t\t<div class=\"post post-list clearfix\">\n\n\t\t\t\t\t\t<div class=\"thumb rounded\"><div class=\"inner\"><a href=\"https:\/\/trafikcezarehberi.com.tr\/?p=359\"><img decoding=\"async\" width=\"330\" height=\"250\" src=\"https:\/\/trafikcezarehberi.com.tr\/wp-content\/uploads\/2025\/07\/sari-isik-cezasi-330x250.webp\" class=\"attachment-katen-thumb-list size-katen-thumb-list wp-post-image\" alt=\"\" \/><\/a><\/div><\/div>  \n\n\t\t\t\t\t\t<div class=\"details clearfix\">\n\t\t\t\t\t\t\t<ul class=\"meta list-inline mb-3\">\n\t\t\t\t\t\t\t\t\t\t\t\t\t\t\t\t\t<li class=\"list-inline-item\">\n\t\t\t\t\t\t\t\t\t\t<img alt='' src='https:\/\/secure.gravatar.com\/avatar\/138c77725b4417da949937da28a0699ced90f76763c4dad8d1f9e364b9b4754a?s=32&d=mm&r=g' srcset='https:\/\/secure.gravatar.com\/avatar\/138c77725b4417da949937da28a0699ced90f76763c4dad8d1f9e364b9b4754a?s=64&d=mm&r=g 2x' class='avatar avatar-32 photo author' height='32' width='32' \/>\t\t\t\t\t\t\t\t\t\t<a href=\"https:\/\/trafikcezarehberi.com.tr\/?author=1\" title=\"admin taraf\u0131ndan yaz\u0131lan yaz\u0131lar\" rel=\"author\">admin<\/a>\t\t\t\t\t\t\t\t\t<\/li>\n\t\t\t\t\t\t\t\t<li class=\"list-inline-item\"><a href=\"https:\/\/trafikcezarehberi.com.tr\/?cat=71\">G\u00fcncel Konular<\/a><\/li>\t\t\t\t\t\t\t\t\t\t<li class=\"list-inline-item\">Temmuz 5, 2025<\/li>\n\t\t\t\t\t\t\t\t\t\t\t\t\t\t\t<\/ul>\n\t\t\t\t\t\t\t<h5 class=\"post-title\"><a href=\"https:\/\/trafikcezarehberi.com.tr\/?p=359\">K\u0131rm\u0131z\u0131 I\u015f\u0131kta Ge\u00e7menin Cezas\u0131 Ne Kadar?<\/a><\/h5>\n\t\t\t\t\t\t\t<p class=\"excerpt mb-0\">\n\t\t\t\t\t\t\t\tK\u0131rm\u0131z\u0131 \u0131\u015f\u0131k ihlali, T\u00fcrkiye&#039;de en yayg\u0131n trafik kurallar\u0131ndan birinin \u00e7i\u011fnenmesidir. Peki k\u0131rm\u0131z\u0131 \u0131\u015f\u0131kta ge\u00e7menin cezas\u0131\u2026\t\t\t\t\t\t\t<\/p>\n\t\t\t\t\t\t\t<div class=\"post-bottom clearfix d-flex align-items-center\">\n\t\t\t\t\t\t\t\t\n    <div class=\"social-share me-auto\">\n        <button class=\"toggle-button icon-share\"><\/button>\n        <ul class=\"icons list-unstyled list-inline mb-0\">\n            <li class=\"list-inline-item\"><a href=\"https:\/\/www.facebook.com\/sharer\/sharer.php?u=https:\/\/trafikcezarehberi.com.tr\/?p=359\" target=\"_blank\"><i class=\"fab fa-facebook-f\"><\/i><\/a><\/li>\n            <li class=\"list-inline-item\"><a href=\"https:\/\/twitter.com\/intent\/tweet?url=https:\/\/trafikcezarehberi.com.tr\/?p=359&text=K\u0131rm\u0131z\u0131 I\u015f\u0131kta Ge\u00e7menin Cezas\u0131 Ne Kadar?\" target=\"_blank\"><i class=\"fab fa-twitter\"><\/i><\/a><\/li>\n            <li class=\"list-inline-item\"><a href=\"https:\/\/www.linkedin.com\/shareArticle?mini=true&url=https:\/\/trafikcezarehberi.com.tr\/?p=359&title=K\u0131rm\u0131z\u0131 I\u015f\u0131kta Ge\u00e7menin Cezas\u0131 Ne Kadar?\" target=\"_blank\"><i class=\"fab fa-linkedin-in\"><\/i><\/a><\/li>\n            <li class=\"list-inline-item\"><a href=\"https:\/\/pinterest.com\/pin\/create\/button\/?url=https:\/\/trafikcezarehberi.com.tr\/?p=359&media=&description=K\u0131rm\u0131z\u0131 I\u015f\u0131kta Ge\u00e7menin Cezas\u0131 Ne Kadar?\" target=\"_blank\"><i class=\"fab fa-pinterest\"><\/i><\/a><\/li>\n            <li class=\"list-inline-item\"><a href=\"https:\/\/t.me\/share\/url?url=https:\/\/trafikcezarehberi.com.tr\/?p=359&text=K\u0131rm\u0131z\u0131 I\u015f\u0131kta Ge\u00e7menin Cezas\u0131 Ne Kadar?\" target=\"_blank\"><i class=\"fab fa-telegram-plane\"><\/i><\/a><\/li>\n            <li class=\"list-inline-item\"><a href=\"mailto:info@example.com?&subject=&cc=&bcc=&body=https:\/\/trafikcezarehberi.com.tr\/?p=359\"><i class=\"far fa-envelope\"><\/i><\/a><\/li>\n        <\/ul>\n    <\/div>\n\n\t\t\t\t\t\t\t\t\t\t\t\t\t\t\t\t\t<div class=\"more-button float-end\">\n\t\t\t\t\t\t\t\t\t\t<a href=\"https:\/\/trafikcezarehberi.com.tr\/?p=359\"><span class=\"icon-options\"><\/span><\/a>\n\t\t\t\t\t\t\t\t\t<\/div>\n\t\t\t\t\t\t\t\t\t\t\t\t\t\t\t<\/div>\n\t\t\t\t\t\t<\/div>\n\t\t\t\t\t<\/div>\n\t\t\t\t<\/div>\n\n\t\t\t\n\t\t\t<\/div>\n\n\t\t<div class=\"pagination-seperator\"><\/div><\/div>\n\t\t\n        \t\t\t\t<\/div>\n\t\t\t\t<\/div>\n\t\t\t\t\t<\/div>\n\t\t<\/div>\n\t\t\t\t\t<\/div>\n\t\t<\/section>\n\t\t\t\t<\/div>\n\t\t","protected":false},"excerpt":{"rendered":"<p>No post found. Pop\u00fcler En Son 3 Easy Ways To Make Your iPhone Faster A\u011fustos 19, 2022 Facts About Business That Will Help You Success A\u011fustos 23, 2022 15 Unheard Ways To Achieve Greater Walker A\u011fustos 23, 2022 5 Easy Ways You Can Turn Future Into Success A\u011fustos 20, 2022 K\u0131rm\u0131z\u0131 I\u015f\u0131kta Ge\u00e7menin Cezas\u0131 Ne [&hellip;]<\/p>\n","protected":false},"author":1,"featured_media":0,"parent":0,"menu_order":0,"comment_status":"closed","ping_status":"closed","template":"elementor_header_footer","meta":{"footnotes":""},"class_list":["post-97","page","type-page","status-publish","hentry"],"_links":{"self":[{"href":"https:\/\/trafikcezarehberi.com.tr\/index.php?rest_route=\/wp\/v2\/pages\/97","targetHints":{"allow":["GET"]}}],"collection":[{"href":"https:\/\/trafikcezarehberi.com.tr\/index.php?rest_route=\/wp\/v2\/pages"}],"about":[{"href":"https:\/\/trafikcezarehberi.com.tr\/index.php?rest_route=\/wp\/v2\/types\/page"}],"author":[{"embeddable":true,"href":"https:\/\/trafikcezarehberi.com.tr\/index.php?rest_route=\/wp\/v2\/users\/1"}],"replies":[{"embeddable":true,"href":"https:\/\/trafikcezarehberi.com.tr\/index.php?rest_route=%2Fwp%2Fv2%2Fcomments&post=97"}],"version-history":[{"count":28,"href":"https:\/\/trafikcezarehberi.com.tr\/index.php?rest_route=\/wp\/v2\/pages\/97\/revisions"}],"predecessor-version":[{"id":373,"href":"https:\/\/trafikcezarehberi.com.tr\/index.php?rest_route=\/wp\/v2\/pages\/97\/revisions\/373"}],"wp:attachment":[{"href":"https:\/\/trafikcezarehberi.com.tr\/index.php?rest_route=%2Fwp%2Fv2%2Fmedia&parent=97"}],"curies":[{"name":"wp","href":"https:\/\/api.w.org\/{rel}","templated":true}]}}